{"id":2850,"date":"2024-04-07T22:24:27","date_gmt":"2024-04-07T20:24:27","guid":{"rendered":"https:\/\/extension.md\/?page_id=2850"},"modified":"2024-04-08T14:26:52","modified_gmt":"2024-04-08T12:26:52","slug":"services","status":"publish","type":"page","link":"https:\/\/extension.md\/ro\/services\/","title":{"rendered":"Servicii"},"content":{"rendered":"<section class=\"l-section wpb_row us_custom_fd664106 height_medium\"><div class=\"l-section-h i-cf\"><div class=\"g-cols vc_row via_grid cols_1 laptops-cols_inherit tablets-cols_inherit mobiles-cols_1 valign_top type_default stacking_default\"><div class=\"wpb_column vc_column_container\"><div class=\"vc_column-inner\"><div class=\"w-grid type_masonry layout_2788 cols_2 pagination_infinite overflow_hidden with_isotope\" id=\"us_grid_1\" style=\"--gap:2rem;\" data-filterable=\"true\"><style>@media (max-width:1019px){#us_grid_1 .w-grid-list{margin:0}#us_grid_1 .w-grid-item{width:100%;padding:0;margin-bottom:var(--gap,0px)}}@media (max-width:600px){#us_grid_1 .w-grid-list{margin:0}#us_grid_1 .w-grid-item{width:100%;padding:0;margin-bottom:var(--gap,0px)}}.layout_2788 .w-grid-item-h{}.layout_2788 .usg_post_image_1{max-width:220px!important;margin-right:30px!important;border-radius:40px!important}.layout_2788 .usg_post_title_1{font-size:1.2rem!important;line-height:1.2!important;text-transform:none!important}.layout_2788 .usg_post_content_1{max-width:270px!important}.layout_2788 .usg_post_custom_field_1{font-size:20px!important;letter-spacing:2px!important;font-family:var(--font-family)!important}@media (min-width:1025px) and (max-width:1380px){.layout_2788 .usg_post_image_1{max-width:200px!important;margin-right:30px!important;border-radius:30px!important}.layout_2788 .usg_post_title_1{font-size:calc( 16px + 1.4vw )!important;line-height:1.2!important}.layout_2788 .usg_post_custom_field_1{font-size:20px!important;letter-spacing:2px!important;font-family:var(--font-family)!important}}@media (min-width:601px) and (max-width:1024px){.layout_2788 .usg_post_image_1{max-width:200px!important;margin-right:30px!important;border-radius:30px!important}.layout_2788 .usg_post_title_1{font-size:calc( 16px + 1.4vw )!important;line-height:1.2!important}.layout_2788 .usg_post_custom_field_1{font-size:18px!important;letter-spacing:2px!important;font-family:var(--font-family)!important}}@media (max-width:600px){.layout_2788 .usg_post_image_1{width:110px!important;height:110px!important;margin-bottom:2.5rem!important;margin-right:20px!important;border-radius:50%!important;position:absolute!important;left:1px!important;top:1px!important}.layout_2788 .usg_vwrapper_1{margin-left:8rem!important}.layout_2788 .usg_post_title_1{font-size:20px!important}.layout_2788 .usg_post_content_1{font-size:15px!important}.layout_2788 .usg_post_custom_field_1{font-size:16px!important;letter-spacing:2px!important;font-family:var(--font-family)!important}}<\/style><div class=\"w-grid-list\">\t<article class=\"w-grid-item size_1x1 post-2864 us_portfolio type-us_portfolio status-publish has-post-thumbnail hentry\" data-id=\"2864\">\r\n\t\t<div class=\"w-grid-item-h\">\r\n\t\t\t\t\t\t<div class=\"w-hwrapper usg_hwrapper_1 align_left valign_middle\" style=\"--hwrapper-gap:1.20rem\"><div class=\"w-post-elm post_image usg_post_image_1 has_width has_height stretched\"><img loading=\"lazy\" decoding=\"async\" width=\"768\" height=\"1024\" src=\"https:\/\/extension.md\/wp-content\/uploads\/2024\/04\/Nails_extension_size_4-768x1024.jpg\" class=\"attachment-large size-large wp-post-image\" alt=\"\" srcset=\"https:\/\/extension.md\/wp-content\/uploads\/2024\/04\/Nails_extension_size_4-768x1024.jpg 768w, https:\/\/extension.md\/wp-content\/uploads\/2024\/04\/Nails_extension_size_4-225x300.jpg 225w, https:\/\/extension.md\/wp-content\/uploads\/2024\/04\/Nails_extension_size_4.jpg 1080w\" sizes=\"auto, (max-width: 768px) 100vw, 768px\" \/><\/div><div class=\"w-vwrapper usg_vwrapper_1 align_none valign_middle\"><div class=\"w-post-elm post_custom_field usg_post_custom_field_1 type_text price color_link_inherit\"><span class=\"w-post-elm-value\">360<\/span><span class=\"w-post-elm-after\"> MDL<\/span><\/div><h2 class=\"w-post-elm post_title usg_post_title_1 entry-title color_link_inherit\">Extensie unghii p\u00e2n\u0103 la lungimea 4<\/h2><p>\u2705 Extensie unghii p\u00e2n\u0103 la lungimea 4<br \/>\n\u2705 Corectarea formei cu ajutorul gelului dur<br \/>\n\u2705 Op\u021biuni de design personalizat<\/p>\n<\/div><\/div>\t\t<\/div>\r\n\t\t\t<\/article>\r\n\t<article class=\"w-grid-item size_1x1 post-2862 us_portfolio type-us_portfolio status-publish has-post-thumbnail hentry\" data-id=\"2862\">\r\n\t\t<div class=\"w-grid-item-h\">\r\n\t\t\t\t\t\t<div class=\"w-hwrapper usg_hwrapper_1 align_left valign_middle\" style=\"--hwrapper-gap:1.20rem\"><div class=\"w-post-elm post_image usg_post_image_1 has_width has_height stretched\"><img loading=\"lazy\" decoding=\"async\" width=\"768\" height=\"1024\" src=\"https:\/\/extension.md\/wp-content\/uploads\/2024\/04\/Nails_extension_size_3-768x1024.jpg\" class=\"attachment-large size-large wp-post-image\" alt=\"\" srcset=\"https:\/\/extension.md\/wp-content\/uploads\/2024\/04\/Nails_extension_size_3-768x1024.jpg 768w, https:\/\/extension.md\/wp-content\/uploads\/2024\/04\/Nails_extension_size_3-225x300.jpg 225w, https:\/\/extension.md\/wp-content\/uploads\/2024\/04\/Nails_extension_size_3.jpg 1080w\" sizes=\"auto, (max-width: 768px) 100vw, 768px\" \/><\/div><div class=\"w-vwrapper usg_vwrapper_1 align_none valign_middle\"><div class=\"w-post-elm post_custom_field usg_post_custom_field_1 type_text price color_link_inherit\"><span class=\"w-post-elm-value\">320<\/span><span class=\"w-post-elm-after\"> MDL<\/span><\/div><h2 class=\"w-post-elm post_title usg_post_title_1 entry-title color_link_inherit\">Extensie unghii p\u00e2n\u0103 la lungimea 3<\/h2><p>\u2705 Extensie unghii p\u00e2n\u0103 la lungimea 3<br \/>\n\u2705 Corectarea formei cu ajutorul gelului dur<br \/>\n\u2705 Op\u021biuni de design personalizat<\/p>\n<\/div><\/div>\t\t<\/div>\r\n\t\t\t<\/article>\r\n\t<article class=\"w-grid-item size_1x1 post-2860 us_portfolio type-us_portfolio status-publish has-post-thumbnail hentry\" data-id=\"2860\">\r\n\t\t<div class=\"w-grid-item-h\">\r\n\t\t\t\t\t\t<div class=\"w-hwrapper usg_hwrapper_1 align_left valign_middle\" style=\"--hwrapper-gap:1.20rem\"><div class=\"w-post-elm post_image usg_post_image_1 has_width has_height stretched\"><img loading=\"lazy\" decoding=\"async\" width=\"811\" height=\"1024\" src=\"https:\/\/extension.md\/wp-content\/uploads\/2024\/04\/Nails_extension_size_2-811x1024.jpg\" class=\"attachment-large size-large wp-post-image\" alt=\"\" srcset=\"https:\/\/extension.md\/wp-content\/uploads\/2024\/04\/Nails_extension_size_2-811x1024.jpg 811w, https:\/\/extension.md\/wp-content\/uploads\/2024\/04\/Nails_extension_size_2-238x300.jpg 238w, https:\/\/extension.md\/wp-content\/uploads\/2024\/04\/Nails_extension_size_2.jpg 1080w\" sizes=\"auto, (max-width: 811px) 100vw, 811px\" \/><\/div><div class=\"w-vwrapper usg_vwrapper_1 align_none valign_middle\"><div class=\"w-post-elm post_custom_field usg_post_custom_field_1 type_text price color_link_inherit\"><span class=\"w-post-elm-value\">280<\/span><span class=\"w-post-elm-after\"> MDL<\/span><\/div><h2 class=\"w-post-elm post_title usg_post_title_1 entry-title color_link_inherit\">Extensie unghii p\u00e2n\u0103 la lungimea 2<\/h2><p>\u2705 Extensie unghii p\u00e2n\u0103 la lungimea 2<br \/>\n\u2705 Corectarea formei cu gel dur sau gel de tip polish<br \/>\n\u2705 Op\u021biuni de design personalizat<\/p>\n<\/div><\/div>\t\t<\/div>\r\n\t\t\t<\/article>\r\n\t<article class=\"w-grid-item size_1x1 post-2858 us_portfolio type-us_portfolio status-publish has-post-thumbnail hentry\" data-id=\"2858\">\r\n\t\t<div class=\"w-grid-item-h\">\r\n\t\t\t\t\t\t<div class=\"w-hwrapper usg_hwrapper_1 align_left valign_middle\" style=\"--hwrapper-gap:1.20rem\"><div class=\"w-post-elm post_image usg_post_image_1 has_width has_height stretched\"><img loading=\"lazy\" decoding=\"async\" width=\"720\" height=\"960\" src=\"https:\/\/extension.md\/wp-content\/uploads\/2024\/04\/Nails_extension_size_1.jpg\" class=\"attachment-large size-large wp-post-image\" alt=\"\" srcset=\"https:\/\/extension.md\/wp-content\/uploads\/2024\/04\/Nails_extension_size_1.jpg 720w, https:\/\/extension.md\/wp-content\/uploads\/2024\/04\/Nails_extension_size_1-225x300.jpg 225w\" sizes=\"auto, (max-width: 720px) 100vw, 720px\" \/><\/div><div class=\"w-vwrapper usg_vwrapper_1 align_none valign_middle\"><div class=\"w-post-elm post_custom_field usg_post_custom_field_1 type_text price color_link_inherit\"><span class=\"w-post-elm-value\">240<\/span><span class=\"w-post-elm-after\"> MDL<\/span><\/div><h2 class=\"w-post-elm post_title usg_post_title_1 entry-title color_link_inherit\">Acoperire natural\u0103 a unghiilor<\/h2><p>\u2705 Aplicarea gelului polish<br \/>\n\u2705 Op\u021biuni de design personalizat<\/p>\n<\/div><\/div>\t\t<\/div>\r\n\t\t\t<\/article>\r\n\t<article class=\"w-grid-item size_1x1 post-2856 us_portfolio type-us_portfolio status-publish hentry\" data-id=\"2856\">\r\n\t\t<div class=\"w-grid-item-h\">\r\n\t\t\t\t\t\t<div class=\"w-hwrapper usg_hwrapper_1 align_left valign_middle\" style=\"--hwrapper-gap:1.20rem\"><div class=\"w-vwrapper usg_vwrapper_1 align_none valign_middle\"><div class=\"w-post-elm post_custom_field usg_post_custom_field_1 type_text price color_link_inherit\"><span class=\"w-post-elm-value\">150<\/span><span class=\"w-post-elm-after\"> MDL<\/span><\/div><h2 class=\"w-post-elm post_title usg_post_title_1 entry-title color_link_inherit\">\u00cendep\u0103rtarea materialului f\u0103r\u0103 acoperire ulterioar\u0103 + manichiur\u0103<\/h2><p>Acest serviciu include \u00eendep\u0103rtarea lacului de gel sau a altor acoperiri, \u00eempreun\u0103 cu o manichiur\u0103 profesional\u0103 care asigur\u0103 men\u021binerea unghiilor s\u0103n\u0103toase \u0219i bine \u00eengrijite.<\/p>\n<\/div><\/div>\t\t<\/div>\r\n\t\t\t<\/article>\r\n<\/div><div class=\"w-grid-preloader\">\t<div class=\"g-preloader type_custom\">\r\n\t\t<div><img loading=\"lazy\" decoding=\"async\" width=\"300\" height=\"300\" src=\"https:\/\/extension.md\/wp-content\/uploads\/2024\/04\/cropped-ico-300x300.png\" class=\"attachment-medium size-medium\" alt=\"\" srcset=\"https:\/\/extension.md\/wp-content\/uploads\/2024\/04\/cropped-ico-300x300.png 300w, https:\/\/extension.md\/wp-content\/uploads\/2024\/04\/cropped-ico-150x150.png 150w, https:\/\/extension.md\/wp-content\/uploads\/2024\/04\/cropped-ico-270x270.png 270w, https:\/\/extension.md\/wp-content\/uploads\/2024\/04\/cropped-ico-192x192.png 192w, https:\/\/extension.md\/wp-content\/uploads\/2024\/04\/cropped-ico-180x180.png 180w, https:\/\/extension.md\/wp-content\/uploads\/2024\/04\/cropped-ico-32x32.png 32w, https:\/\/extension.md\/wp-content\/uploads\/2024\/04\/cropped-ico.png 512w\" sizes=\"auto, (max-width: 300px) 100vw, 300px\" \/><\/div>\r\n\t<\/div>\r\n\t<\/div>\t<div class=\"w-grid-json hidden\" onclick='return {&quot;action&quot;:&quot;us_ajax_grid&quot;,&quot;infinite_scroll&quot;:0,&quot;max_num_pages&quot;:1,&quot;pagination&quot;:&quot;infinite&quot;,&quot;template_vars&quot;:{&quot;columns&quot;:&quot;2&quot;,&quot;exclude_items&quot;:&quot;none&quot;,&quot;img_size&quot;:&quot;default&quot;,&quot;ignore_items_size&quot;:0,&quot;items_layout&quot;:&quot;2788&quot;,&quot;items_offset&quot;:&quot;1&quot;,&quot;load_animation&quot;:&quot;none&quot;,&quot;overriding_link&quot;:&quot;%7B%22url%22%3A%22%22%7D&quot;,&quot;post_id&quot;:0,&quot;query_args&quot;:{&quot;post_type&quot;:[&quot;us_portfolio&quot;],&quot;post_status&quot;:[&quot;publish&quot;,&quot;acf-disabled&quot;],&quot;posts_per_page&quot;:&quot;30&quot;},&quot;orderby_query_args&quot;:{&quot;orderby&quot;:{&quot;date&quot;:&quot;DESC&quot;}},&quot;type&quot;:&quot;masonry&quot;,&quot;us_grid_post_type&quot;:&quot;us_portfolio&quot;,&quot;us_grid_ajax_index&quot;:1,&quot;us_grid_filter_query_string&quot;:null,&quot;us_grid_index&quot;:1,&quot;page_args&quot;:[]}}'><\/div>\r\n\t<\/div><\/div><\/div><\/div><\/div><\/section>","protected":false},"excerpt":{"rendered":"Acest serviciu include \u00eendep\u0103rtarea lacului de gel sau a altor acoperiri, \u00eempreun\u0103 cu o manichiur\u0103 profesional\u0103 care asigur\u0103 men\u021binerea unghiilor s\u0103n\u0103toase \u0219i bine \u00eengrijite.","protected":false},"author":1,"featured_media":0,"parent":0,"menu_order":0,"comment_status":"closed","ping_status":"closed","template":"","meta":{"_acf_changed":false,"footnotes":""},"class_list":["post-2850","page","type-page","status-publish","hentry"],"acf":[],"yoast_head":"<!-- This site is optimized with the Yoast SEO Premium plugin v23.7 (Yoast SEO v23.7) - https:\/\/yoast.com\/wordpress\/plugins\/seo\/ -->\n<title>\u0423\u0441\u043b\u0443\u0433\u0438 - extension.md<\/title>\n<meta name=\"robots\" content=\"index, follow, max-snippet:-1, max-image-preview:large, max-video-preview:-1\" \/>\n<link rel=\"canonical\" href=\"https:\/\/extension.md\/ro\/services\/\" \/>\n<meta property=\"og:locale\" content=\"ro_RO\" \/>\n<meta property=\"og:type\" content=\"article\" \/>\n<meta property=\"og:title\" content=\"\u0423\u0441\u043b\u0443\u0433\u0438\" \/>\n<meta property=\"og:url\" content=\"https:\/\/extension.md\/ro\/services\/\" \/>\n<meta property=\"og:site_name\" content=\"extension.md\" \/>\n<meta property=\"article:publisher\" content=\"https:\/\/www.facebook.com\/profile.php?id=100042337361421\" \/>\n<meta property=\"article:modified_time\" content=\"2024-04-08T12:26:52+00:00\" \/>\n<meta name=\"twitter:card\" content=\"summary_large_image\" \/>\n<meta name=\"twitter:label1\" content=\"Timp estimat pentru citire\" \/>\n\t<meta name=\"twitter:data1\" content=\"1 minut\" \/>\n<script type=\"application\/ld+json\" class=\"yoast-schema-graph\">{\"@context\":\"https:\/\/schema.org\",\"@graph\":[{\"@type\":\"WebPage\",\"@id\":\"https:\/\/extension.md\/services\/\",\"url\":\"https:\/\/extension.md\/services\/\",\"name\":\"\u0423\u0441\u043b\u0443\u0433\u0438 - extension.md\",\"isPartOf\":{\"@id\":\"https:\/\/extension.md\/#website\"},\"datePublished\":\"2024-04-07T20:24:27+00:00\",\"dateModified\":\"2024-04-08T12:26:52+00:00\",\"breadcrumb\":{\"@id\":\"https:\/\/extension.md\/services\/#breadcrumb\"},\"inLanguage\":\"ro-RO\",\"potentialAction\":[{\"@type\":\"ReadAction\",\"target\":[\"https:\/\/extension.md\/services\/\"]}]},{\"@type\":\"BreadcrumbList\",\"@id\":\"https:\/\/extension.md\/services\/#breadcrumb\",\"itemListElement\":[{\"@type\":\"ListItem\",\"position\":1,\"name\":\"Home\",\"item\":\"https:\/\/extension.md\/\"},{\"@type\":\"ListItem\",\"position\":2,\"name\":\"\u0423\u0441\u043b\u0443\u0433\u0438\"}]},{\"@type\":\"WebSite\",\"@id\":\"https:\/\/extension.md\/#website\",\"url\":\"https:\/\/extension.md\/\",\"name\":\"\u041d\u0430\u0440\u0430\u0449\u0438\u0432\u0430\u043d\u0438\u0435 \u043d\u043e\u0433\u0442\u0435\u0439 - \u0411\u043e\u0442\u0430\u043d\u0438\u043a\u0430\",\"description\":\"Professional nail extension - Chisinau\",\"publisher\":{\"@id\":\"https:\/\/extension.md\/#organization\"},\"alternateName\":\"extension.md\",\"potentialAction\":[{\"@type\":\"SearchAction\",\"target\":{\"@type\":\"EntryPoint\",\"urlTemplate\":\"https:\/\/extension.md\/?s={search_term_string}\"},\"query-input\":{\"@type\":\"PropertyValueSpecification\",\"valueRequired\":true,\"valueName\":\"search_term_string\"}}],\"inLanguage\":\"ro-RO\"},{\"@type\":[\"Organization\",\"Place\",\"NailSalon\"],\"@id\":\"https:\/\/extension.md\/#organization\",\"name\":\"extension.md\",\"alternateName\":\"\u041d\u0430\u0440\u0430\u0449\u0438\u0432\u0430\u043d\u0438\u0435 \u043d\u043e\u0433\u0442\u0435\u0439 - \u0411\u043e\u0442\u0430\u043d\u0438\u043a\u0430\",\"url\":\"https:\/\/extension.md\/\",\"logo\":{\"@id\":\"https:\/\/extension.md\/services\/#local-main-organization-logo\"},\"image\":{\"@id\":\"https:\/\/extension.md\/services\/#local-main-organization-logo\"},\"sameAs\":[\"https:\/\/www.facebook.com\/profile.php?id=100042337361421\",\"https:\/\/www.instagram.com\/extension.md_nails\"],\"description\":\"\u041f\u0440\u043e\u0444\u0435\u0441\u0441\u0438\u043e\u043d\u0430\u043b\u044c\u043d\u043e\u0435 \u043d\u0430\u0440\u0430\u0449\u0438\u0432\u0430\u043d\u0438\u0435 \u043d\u043e\u0433\u0442\u0435\u0439. \u0411\u043e\u0442\u0430\u043d\u0438\u043a\u0430, \u041a\u0438\u0448\u0438\u043d\u0451\u0432.\",\"legalName\":\"Extension.md\",\"foundingDate\":\"2010-01-01\",\"numberOfEmployees\":{\"@type\":\"QuantitativeValue\",\"minValue\":\"1\",\"maxValue\":\"10\"},\"address\":{\"@id\":\"https:\/\/extension.md\/services\/#local-main-place-address\"},\"geo\":{\"@type\":\"GeoCoordinates\",\"latitude\":\"46.99688109939349\",\"longitude\":\"28.865460455848233\"},\"telephone\":[\"+37369706568\"],\"contactPoint\":{\"@type\":\"ContactPoint\",\"telephone\":\"+37369706568\",\"email\":\"nail@extension.md\"},\"openingHoursSpecification\":[{\"@type\":\"OpeningHoursSpecification\",\"dayOfWeek\":[\"Monday\",\"Tuesday\",\"Wednesday\",\"Thursday\",\"Friday\",\"Saturday\",\"Sunday\"],\"opens\":\"10:00\",\"closes\":\"20:00\"}],\"email\":\"nail@extension.md\",\"areaServed\":\"Chi\u0219in\u0103u\",\"priceRange\":\"$$\",\"currenciesAccepted\":\"MDL\"},{\"@type\":\"PostalAddress\",\"@id\":\"https:\/\/extension.md\/services\/#local-main-place-address\",\"streetAddress\":\"Strada Pandurilor 62, Office 84\",\"addressLocality\":\"Chi\u0219in\u0103u\",\"postalCode\":\"2015\",\"addressCountry\":\"MD\"},{\"@type\":\"ImageObject\",\"inLanguage\":\"ro-RO\",\"@id\":\"https:\/\/extension.md\/services\/#local-main-organization-logo\",\"url\":\"\",\"contentUrl\":\"\",\"caption\":\"extension.md\"}]}<\/script>\n<meta name=\"geo.placename\" content=\"Chi\u0219in\u0103u\" \/>\n<meta name=\"geo.position\" content=\"46.99688109939349;28.865460455848233\" \/>\n<meta name=\"geo.region\" content=\"Republica Moldova\" \/>\n<!-- \/ Yoast SEO Premium plugin. -->","yoast_head_json":{"title":"\u0423\u0441\u043b\u0443\u0433\u0438 - extension.md","robots":{"index":"index","follow":"follow","max-snippet":"max-snippet:-1","max-image-preview":"max-image-preview:large","max-video-preview":"max-video-preview:-1"},"canonical":"https:\/\/extension.md\/ro\/services\/","og_locale":"ro_RO","og_type":"article","og_title":"\u0423\u0441\u043b\u0443\u0433\u0438","og_url":"https:\/\/extension.md\/ro\/services\/","og_site_name":"extension.md","article_publisher":"https:\/\/www.facebook.com\/profile.php?id=100042337361421","article_modified_time":"2024-04-08T12:26:52+00:00","twitter_card":"summary_large_image","twitter_misc":{"Timp estimat pentru citire":"1 minut"},"schema":{"@context":"https:\/\/schema.org","@graph":[{"@type":"WebPage","@id":"https:\/\/extension.md\/services\/","url":"https:\/\/extension.md\/services\/","name":"\u0423\u0441\u043b\u0443\u0433\u0438 - extension.md","isPartOf":{"@id":"https:\/\/extension.md\/#website"},"datePublished":"2024-04-07T20:24:27+00:00","dateModified":"2024-04-08T12:26:52+00:00","breadcrumb":{"@id":"https:\/\/extension.md\/services\/#breadcrumb"},"inLanguage":"ro-RO","potentialAction":[{"@type":"ReadAction","target":["https:\/\/extension.md\/services\/"]}]},{"@type":"BreadcrumbList","@id":"https:\/\/extension.md\/services\/#breadcrumb","itemListElement":[{"@type":"ListItem","position":1,"name":"Home","item":"https:\/\/extension.md\/"},{"@type":"ListItem","position":2,"name":"\u0423\u0441\u043b\u0443\u0433\u0438"}]},{"@type":"WebSite","@id":"https:\/\/extension.md\/#website","url":"https:\/\/extension.md\/","name":"\u041d\u0430\u0440\u0430\u0449\u0438\u0432\u0430\u043d\u0438\u0435 \u043d\u043e\u0433\u0442\u0435\u0439 - \u0411\u043e\u0442\u0430\u043d\u0438\u043a\u0430","description":"Professional nail extension - Chisinau","publisher":{"@id":"https:\/\/extension.md\/#organization"},"alternateName":"extension.md","potentialAction":[{"@type":"SearchAction","target":{"@type":"EntryPoint","urlTemplate":"https:\/\/extension.md\/?s={search_term_string}"},"query-input":{"@type":"PropertyValueSpecification","valueRequired":true,"valueName":"search_term_string"}}],"inLanguage":"ro-RO"},{"@type":["Organization","Place","NailSalon"],"@id":"https:\/\/extension.md\/#organization","name":"extension.md","alternateName":"\u041d\u0430\u0440\u0430\u0449\u0438\u0432\u0430\u043d\u0438\u0435 \u043d\u043e\u0433\u0442\u0435\u0439 - \u0411\u043e\u0442\u0430\u043d\u0438\u043a\u0430","url":"https:\/\/extension.md\/","logo":{"@id":"https:\/\/extension.md\/services\/#local-main-organization-logo"},"image":{"@id":"https:\/\/extension.md\/services\/#local-main-organization-logo"},"sameAs":["https:\/\/www.facebook.com\/profile.php?id=100042337361421","https:\/\/www.instagram.com\/extension.md_nails"],"description":"\u041f\u0440\u043e\u0444\u0435\u0441\u0441\u0438\u043e\u043d\u0430\u043b\u044c\u043d\u043e\u0435 \u043d\u0430\u0440\u0430\u0449\u0438\u0432\u0430\u043d\u0438\u0435 \u043d\u043e\u0433\u0442\u0435\u0439. \u0411\u043e\u0442\u0430\u043d\u0438\u043a\u0430, \u041a\u0438\u0448\u0438\u043d\u0451\u0432.","legalName":"Extension.md","foundingDate":"2010-01-01","numberOfEmployees":{"@type":"QuantitativeValue","minValue":"1","maxValue":"10"},"address":{"@id":"https:\/\/extension.md\/services\/#local-main-place-address"},"geo":{"@type":"GeoCoordinates","latitude":"46.99688109939349","longitude":"28.865460455848233"},"telephone":["+37369706568"],"contactPoint":{"@type":"ContactPoint","telephone":"+37369706568","email":"nail@extension.md"},"openingHoursSpecification":[{"@type":"OpeningHoursSpecification","dayOfWeek":["Monday","Tuesday","Wednesday","Thursday","Friday","Saturday","Sunday"],"opens":"10:00","closes":"20:00"}],"email":"nail@extension.md","areaServed":"Chi\u0219in\u0103u","priceRange":"$$","currenciesAccepted":"MDL"},{"@type":"PostalAddress","@id":"https:\/\/extension.md\/services\/#local-main-place-address","streetAddress":"Strada Pandurilor 62, Office 84","addressLocality":"Chi\u0219in\u0103u","postalCode":"2015","addressCountry":"MD"},{"@type":"ImageObject","inLanguage":"ro-RO","@id":"https:\/\/extension.md\/services\/#local-main-organization-logo","url":"","contentUrl":"","caption":"extension.md"}]},"geo.placename":"Chi\u0219in\u0103u","geo.position":{"lat":"46.99688109939349","long":"28.865460455848233"},"geo.region":"Republica Moldova"},"_links":{"self":[{"href":"https:\/\/extension.md\/ro\/wp-json\/wp\/v2\/pages\/2850","targetHints":{"allow":["GET"]}}],"collection":[{"href":"https:\/\/extension.md\/ro\/wp-json\/wp\/v2\/pages"}],"about":[{"href":"https:\/\/extension.md\/ro\/wp-json\/wp\/v2\/types\/page"}],"author":[{"embeddable":true,"href":"https:\/\/extension.md\/ro\/wp-json\/wp\/v2\/users\/1"}],"replies":[{"embeddable":true,"href":"https:\/\/extension.md\/ro\/wp-json\/wp\/v2\/comments?post=2850"}],"version-history":[{"count":5,"href":"https:\/\/extension.md\/ro\/wp-json\/wp\/v2\/pages\/2850\/revisions"}],"predecessor-version":[{"id":2886,"href":"https:\/\/extension.md\/ro\/wp-json\/wp\/v2\/pages\/2850\/revisions\/2886"}],"wp:attachment":[{"href":"https:\/\/extension.md\/ro\/wp-json\/wp\/v2\/media?parent=2850"}],"curies":[{"name":"wp","href":"https:\/\/api.w.org\/{rel}","templated":true}]}}