{"id":2792,"date":"2024-03-31T21:09:35","date_gmt":"2024-03-31T19:09:35","guid":{"rendered":"https:\/\/extension.md\/?page_id=2792"},"modified":"2024-11-05T23:42:00","modified_gmt":"2024-11-05T21:42:00","slug":"privacy-policy","status":"publish","type":"page","link":"https:\/\/extension.md\/ro\/privacy-policy\/","title":{"rendered":"Politica de confiden\u021bialitate"},"content":{"rendered":"<section class=\"l-section wpb_row height_medium\"><div class=\"l-section-h i-cf\"><div class=\"g-cols vc_row via_grid cols_1 laptops-cols_inherit tablets-cols_inherit mobiles-cols_1 valign_top type_default stacking_default\"><div class=\"wpb_column vc_column_container\"><div class=\"vc_column-inner\"><div class=\"wpb_text_column\"><div class=\"wpb_wrapper\"><p>Bine a\u021bi venit pe site-ul https:\/\/extension.md (denumit \u00een continuare \"site-ul\"). \u00cen\u021belegem c\u0103 confiden\u021bialitatea pe internet este important\u0103 pentru utilizatorii site-ului nostru, \u00een special atunci c\u00e2nd efectueaz\u0103 tranzac\u021bii. Aceast\u0103 declara\u021bie reglementeaz\u0103 politica noastr\u0103 de confiden\u021bialitate pentru utilizatorii Site-ului (\"Vizitatori\") care \u00eel viziteaz\u0103 f\u0103r\u0103 a efectua tranzac\u021bii \u0219i pentru Vizitatorii care se \u00eenregistreaz\u0103 pentru a efectua tranzac\u021bii pe Site \u0219i pentru a utiliza diverse servicii oferite de Natalia Kalashnikova (denumite \u00een continuare \"Servicii\") (\"Clien\u021bi autoriza\u021bi\").<\/p>\n<h3>\"Informa\u021bii identificabile personal\"<\/h3>\n<p>Se refer\u0103 la orice informa\u021bii care identific\u0103 sau pot fi utilizate pentru a identifica, contacta sau localiza o persoan\u0103 c\u0103reia \u00eei apar\u021bin aceste informa\u021bii, inclusiv, dar f\u0103r\u0103 a se limita la, nume, adres\u0103, num\u0103r de telefon, num\u0103r de fax, adres\u0103 de e-mail, profiluri financiare, num\u0103r de securitate social\u0103 \u0219i informa\u021bii privind cardul de credit. Informa\u021biile de identificare personal\u0103 nu includ informa\u021biile colectate anonim (adic\u0103 f\u0103r\u0103 a identifica un anumit utilizator) sau informa\u021biile demografice care nu sunt legate de o persoan\u0103 identificat\u0103.<\/p>\n<h3>Ce informa\u021bii personale identificabile sunt colectate?<\/h3>\n<p>Putem colecta informa\u021bii de baz\u0103 privind profilul utilizatorului de la to\u021bi vizitatorii no\u0219tri. Colect\u0103m urm\u0103toarele informa\u021bii suplimentare de la clien\u021bii no\u0219tri autoriza\u021bi: nume, adres\u0103 de e-mail, num\u0103r de telefon.<\/p>\n<h3>Ce organiza\u021bii colecteaz\u0103 informa\u021bii?<\/h3>\n<p>\u00cen plus fa\u021b\u0103 de colectarea direct\u0103 de informa\u021bii, furnizorii no\u0219tri ter\u021bi de servicii (de exemplu, companiile de carduri de credit, casele de compensare \u0219i b\u0103ncile), care pot oferi servicii precum servicii de credit, asigur\u0103ri \u0219i escrow, pot colecta aceste informa\u021bii de la vizitatorii \u0219i clien\u021bii no\u0219tri autoriza\u021bi. Nu control\u0103m modul \u00een care aceste p\u0103r\u021bi ter\u021be utilizeaz\u0103 astfel de informa\u021bii, dar le solicit\u0103m s\u0103 dezv\u0103luie modul \u00een care utilizeaz\u0103 informa\u021biile personale furnizate de vizitatori \u0219i clien\u021bi autoriza\u021bi. Unele dintre aceste p\u0103r\u021bi ter\u021be pot fi intermediari care ac\u021bioneaz\u0103 doar ca verigi \u00een lan\u021bul de distribu\u021bie \u0219i nu stocheaz\u0103, p\u0103streaz\u0103 sau utilizeaz\u0103 informa\u021biile care le sunt furnizate.<\/p>\n<h3>Cum utilizeaz\u0103 site-ul informa\u021biile de identificare personal\u0103?<\/h3>\n<p>Utiliz\u0103m informa\u021biile de identificare personal\u0103 pentru a personaliza Site-ul, a furniza servicii relevante \u0219i a \u00eendeplini cererile de cump\u0103rare \u0219i v\u00e2nzare pe Site. Putem trimite vizitatorilor \u0219i clien\u021bilor autoriza\u021bi informa\u021bii prin e-mail despre oportunit\u0103\u021bi de cercetare sau de cump\u0103rare \u0219i v\u00e2nzare pe site sau informa\u021bii legate de tema site-ului. De asemenea, putem utiliza informa\u021biile de identificare personal\u0103 pentru a contacta vizitatorii \u0219i clien\u021bii autoriza\u021bi ca r\u0103spuns la cereri specifice sau pentru a furniza informa\u021biile solicitate.<\/p>\n<h3>Cine poate primi informa\u021bii?<\/h3>\n<p>Informa\u021biile de identificare personal\u0103 despre clien\u021bii autoriza\u021bi pot fi partajate cu al\u021bi clien\u021bi autoriza\u021bi care doresc s\u0103 evalueze poten\u021biale tranzac\u021bii cu al\u021bi clien\u021bi autoriza\u021bi. Putem furniza informa\u021bii agregate despre vizitatorii no\u0219tri, inclusiv date demografice ale vizitatorilor \u0219i clien\u021bilor no\u0219tri autoriza\u021bi, agen\u021biilor noastre afiliate \u0219i furnizorilor ter\u021bi. De asemenea, oferim op\u021biunea de a renun\u021ba la primirea de informa\u021bii sau contacte din partea noastr\u0103 sau a oric\u0103ror agen\u021bii care ac\u021bioneaz\u0103 \u00een numele nostru.<\/p>\n<h3>Cum sunt stocate informa\u021biile de identificare personal\u0103?<\/h3>\n<p>Informa\u021biile de identificare personal\u0103 colectate de Natalia Kalashnikova sunt stocate \u00een siguran\u021b\u0103 \u0219i nu sunt accesibile ter\u021bilor sau angaja\u021bilor Natalia Kalashnikova, cu excep\u021bia utiliz\u0103rii men\u021bionate mai sus.<\/p>\n<h3>Ce op\u021biuni au vizitatorii pentru colectarea, utilizarea \u0219i partajarea informa\u021biilor?<\/h3>\n<p>Vizitatorii \u0219i clien\u021bii autoriza\u021bi pot renun\u021ba la primirea de informa\u021bii nesolicitate de la noi \u0219i\/sau de la furnizorii \u0219i agen\u021biile noastre afiliate r\u0103spunz\u00e2nd la e-mailuri conform instruc\u021biunilor sau contact\u00e2ndu-ne la nails@extension.md.<\/p>\n<h3>Cookie Google AdSense \u0219i DoubleClick<\/h3>\n<p>Google, \u00een calitate de furnizor ter\u021b, utilizeaz\u0103 module cookie pentru a plasa anun\u021buri pe Serviciul nostru.<\/p>\n<h3>Cookie-uri<\/h3>\n<p>Un cookie este un \u0219ir de informa\u021bii pe care un site web \u00eel stocheaz\u0103 pe computerul unui vizitator \u0219i pe care browserul vizitatorului \u00eel furnizeaz\u0103 site-ului web de fiecare dat\u0103 c\u00e2nd vizitatorul revine.<\/p>\n<p>Utiliz\u0103m \"module cookie\" pentru a colecta informa\u021bii. V\u0103 pute\u021bi seta browserul s\u0103 refuze toate cookie-urile sau s\u0103 indice c\u00e2nd este trimis un cookie. Cu toate acestea, dac\u0103 nu accepta\u021bi cookie-urile, este posibil s\u0103 nu pute\u021bi utiliza anumite p\u0103r\u021bi ale Serviciului nostru.<\/p>\n<h3>Cookie-urile sunt utilizate pe site?<\/h3>\n<p>Cookie-urile sunt utilizate din diverse motive. Utiliz\u0103m module cookie pentru a ob\u021bine informa\u021bii despre preferin\u021bele vizitatorilor no\u0219tri \u0219i serviciile pe care le selecteaz\u0103. De asemenea, utiliz\u0103m module cookie \u00een scopuri de securitate pentru a ne proteja clien\u021bii autoriza\u021bi. De exemplu, dac\u0103 un client autorizat este conectat \u0219i site-ul nu este utilizat pentru mai mult de 10 minute, vom deconecta automat clientul autorizat. Vizitatorii care nu doresc ca cookie-urile s\u0103 fie plasate pe computerele lor ar trebui s\u0103 \u00ee\u0219i seteze browserele s\u0103 refuze cookie-urile \u00eenainte de a utiliza site-ul https:\/\/extension.md. Cu toate acestea, este posibil ca unele caracteristici ale site-ului s\u0103 nu func\u021bioneze corect f\u0103r\u0103 cookie-uri.<\/p>\n<h3>Module cookie utilizate de furnizorii no\u0219tri de servicii<\/h3>\n<p>Furnizorii no\u0219tri de servicii utilizeaz\u0103 module cookie, iar aceste module cookie pot fi stocate pe computerul dumneavoastr\u0103 atunci c\u00e2nd vizita\u021bi site-ul nostru. Pentru informa\u021bii mai detaliate despre cookie-urile utilizate, le pute\u021bi g\u0103si pe pagina noastr\u0103 \"Informa\u021bii despre cookie-uri\".<\/p>\n<h3>Cum utilizeaz\u0103 Natalia Kalashnikova informa\u021biile pentru autentificare?<\/h3>\n<p>Natalia Kalashnikova utilizeaz\u0103 informa\u021biile de \u00eenregistrare, inclusiv, dar f\u0103r\u0103 a se limita la adresele IP, furnizorii de internet, tipurile de browser, versiunile de browser, paginile vizitate, data \u0219i ora vizitelor, pentru a analiza tendin\u021bele, a administra site-ul, a urm\u0103ri mi\u0219carea \u0219i utilizarea utilizatorilor \u0219i a colecta informa\u021bii demografice generale.<\/p>\n<h3>Care parteneri sau furnizori de servicii au acces la informa\u021biile de identificare personal\u0103 ale vizitatorilor \u0219i\/sau clien\u021bilor autoriza\u021bi de pe site?<\/h3>\n<p>Natalia Kalashnikova a \u00eencheiat \u0219i va continua s\u0103 \u00eencheie parteneriate \u0219i alte rela\u021bii cu diver\u0219i furnizori. Ace\u0219ti furnizori pot avea acces la anumite informa\u021bii de identificare personal\u0103, dup\u0103 cum este necesar pentru a evalua eligibilitatea clien\u021bilor autoriza\u021bi pentru servicii. Politica noastr\u0103 de confiden\u021bialitate nu se aplic\u0103 la colectarea \u0219i utilizarea acestor informa\u021bii de c\u0103tre ace\u0219tia.<\/p>\n<h3>Cum protejeaz\u0103 site-ul informa\u021biile de identificare personal\u0103?<\/h3>\n<p>To\u021bi angaja\u021bii no\u0219tri sunt familiariza\u021bi cu politicile de confiden\u021bialitate \u0219i securitate. Informa\u021biile personale ale vizitatorilor \u0219i clien\u021bilor no\u0219tri autoriza\u021bi sunt accesibile numai unui num\u0103r limitat de angaja\u021bi califica\u021bi, c\u0103rora li se elibereaz\u0103 parole pentru a accesa aceste informa\u021bii. Ne auditam periodic sistemele \u0219i procesele de securitate. Informa\u021biile sensibile, cum ar fi numerele cardurilor de credit sau numerele de asigur\u0103ri sociale, sunt protejate prin protocoale de criptare concepute pentru a proteja informa\u021biile transmise pe internet. De\u0219i lu\u0103m m\u0103suri rezonabile din punct de vedere comercial pentru a asigura securitatea site-ului, comunica\u021biile electronice \u0219i bazele de date sunt supuse erorilor, pirateriei informatice \u0219i accesului neautorizat, iar noi nu putem garanta c\u0103 astfel de evenimente nu vor avea loc \u0219i nu vom fi r\u0103spunz\u0103tori fa\u021b\u0103 de vizitatori sau clien\u021bi autoriza\u021bi pentru astfel de evenimente.<\/p>\n<h3>Cum pot vizitatorii s\u0103 corecteze inexactit\u0103\u021bile din informa\u021biile de identificare personal\u0103?<\/h3>\n<p>Vizitatorii \u0219i clien\u021bii autoriza\u021bi ne pot contacta pentru a-\u0219i actualiza informa\u021biile sau pentru a corecta orice inexactitate, scriindu-ne la adresa nails@extension.md.<\/p>\n<h3>Poate un vizitator s\u0103 \u0219tearg\u0103 sau s\u0103 dezactiveze informa\u021biile de identificare personal\u0103 colectate de site?<\/h3>\n<p>Oferim vizitatorilor \u0219i clien\u021bilor autoriza\u021bi op\u021biunea de a \u0219terge\/dezactiva informa\u021biile personale din baza de date a site-ului contact\u00e2ndu-ne. Cu toate acestea, din cauza backup-urilor \u0219i a \u00eenregistr\u0103rilor de \u0219tergere, este posibil s\u0103 nu fie posibil\u0103 \u0219tergerea \u00eenregistr\u0103rii unui vizitator f\u0103r\u0103 p\u0103strarea unor informa\u021bii reziduale. Dac\u0103 o persoan\u0103 solicit\u0103 dezactivarea informa\u021biilor personale, acestea vor fi \u0219terse din punct de vedere func\u021bional, iar noi nu vom vinde, transfera sau utiliza \u00een viitor informa\u021biile personale referitoare la persoana respectiv\u0103.<\/p>\n<h3>Drepturile dumneavoastr\u0103<\/h3>\n<p>Iat\u0103 un rezumat al drepturilor pe care le ave\u021bi \u00een temeiul legisla\u021biei privind protec\u021bia datelor:<\/p>\n<ul>\n<li>Dreptul la acces<\/li>\n<li>Dreptul la rectificare<\/li>\n<li>Dreptul la \u0219tergere<\/li>\n<li>Dreptul de a restric\u021biona prelucrarea<\/li>\n<li>Dreptul de a se opune prelucr\u0103rii<\/li>\n<li>Dreptul la portabilitatea datelor<\/li>\n<li>Dreptul de a depune o pl\u00e2ngere la o autoritate de supraveghere<\/li>\n<li>Dreptul de a retrage consim\u021b\u0103m\u00e2ntul<\/li>\n<\/ul>\n<h3>Confiden\u021bialitatea copiilor<\/h3>\n<p>Serviciul nostru nu este destinat \"copiilor\" - persoanelor cu v\u00e2rsta sub 18 ani, iar noi nu colect\u0103m informa\u021bii personale de la copii sub 18 ani.<\/p>\n<p>Dac\u0103 sunte\u021bi p\u0103rinte sau tutore \u0219i a\u021bi aflat c\u0103 copilul dvs. ne-a furnizat date cu caracter personal, v\u0103 rug\u0103m s\u0103 ne contacta\u021bi imediat folosind datele de contact furnizate. Dac\u0103 afl\u0103m c\u0103 copii sub 18 ani au furnizat date cu caracter personal, le vom \u0219terge imediat de pe serverele noastre.<\/p>\n<h3>Conformitatea cu legile<\/h3>\n<p>Dezv\u0103luirea informa\u021biilor de identificare personal\u0103 pentru respectarea legii. Vom dezv\u0103lui informa\u021bii de identificare personal\u0103 pentru a respecta un ordin judec\u0103toresc, o cita\u021bie sau o solicitare de informa\u021bii din partea autorit\u0103\u021bilor de aplicare a legii. De asemenea, vom dezv\u0103lui informa\u021bii de identificare personal\u0103 atunci c\u00e2nd este necesar s\u0103 protej\u0103m siguran\u021ba vizitatorilor \u0219i a clien\u021bilor no\u0219tri autoriza\u021bi.<\/p>\n<h3>Ce se \u00eent\u00e2mpl\u0103 dac\u0103 se modific\u0103 politica de confiden\u021bialitate?<\/h3>\n<p>Ne vom informa vizitatorii \u0219i clien\u021bii autoriza\u021bi cu privire la orice modificare a politicii noastre de confiden\u021bialitate prin postarea acestor modific\u0103ri pe site. Cu toate acestea, dac\u0103 modific\u0103m politica noastr\u0103 de confiden\u021bialitate \u00eentr-un mod care poate duce la divulgarea de informa\u021bii de identificare personal\u0103 pe care un vizitator sau client autorizat a solicitat anterior s\u0103 nu le divulge, vom contacta respectivul vizitator sau client autorizat pentru a-i oferi posibilitatea de a preveni o astfel de divulgare.<\/p>\n<h3>Leg\u0103turi<\/h3>\n<p>Site-ul https:\/\/extension.md con\u021bine linkuri c\u0103tre alte site-uri. V\u0103 rug\u0103m s\u0103 fi\u021bi con\u0219tien\u021bi de faptul c\u0103 atunci c\u00e2nd face\u021bi clic pe unul dintre aceste linkuri, p\u0103r\u0103si\u021bi site-ul nostru. V\u0103 \u00eencuraj\u0103m s\u0103 consulta\u021bi politicile de confiden\u021bialitate ale acestor site-uri, deoarece politicile lor de confiden\u021bialitate pot fi diferite de ale noastre.<\/p>\n<h3>Contacta\u021bi-ne<\/h3>\n<p>Dac\u0103 ave\u021bi \u00eentreb\u0103ri cu privire la aceast\u0103 politic\u0103 de confiden\u021bialitate, v\u0103 rug\u0103m s\u0103 ne contacta\u021bi la nails@extension.md.<\/p>\n<hr \/>\n<p>Ultima actualizare: 31 martie 2024<\/p>\n<\/div><\/div><\/div><\/div><\/div><\/div><\/section>","protected":false},"excerpt":{"rendered":"Welcome to the website https:\/\/extension.md (hereinafter referred to as &#8220;the Site&#8221;). We understand that privacy on the Internet is important to users of our Site, especially when conducting business. This statement governs our privacy policy for users of the Site (&#8220;Visitors&#8221;) who visit it without making transactions, and for Visitors who register to conduct transactions...","protected":false},"author":1,"featured_media":0,"parent":0,"menu_order":0,"comment_status":"closed","ping_status":"closed","template":"","meta":{"_acf_changed":false,"footnotes":""},"class_list":["post-2792","page","type-page","status-publish","hentry"],"acf":[],"yoast_head":"<!-- This site is optimized with the Yoast SEO Premium plugin v23.7 (Yoast SEO v23.7) - https:\/\/yoast.com\/wordpress\/plugins\/seo\/ -->\n<title>Privacy Policy - extension.md<\/title>\n<meta name=\"robots\" content=\"index, follow, max-snippet:-1, max-image-preview:large, max-video-preview:-1\" \/>\n<link rel=\"canonical\" href=\"https:\/\/extension.md\/ro\/privacy-policy\/\" \/>\n<meta property=\"og:locale\" content=\"ro_RO\" \/>\n<meta property=\"og:type\" content=\"article\" \/>\n<meta property=\"og:title\" content=\"Privacy Policy\" \/>\n<meta property=\"og:url\" content=\"https:\/\/extension.md\/ro\/privacy-policy\/\" \/>\n<meta property=\"og:site_name\" content=\"extension.md\" \/>\n<meta property=\"article:publisher\" content=\"https:\/\/www.facebook.com\/profile.php?id=100042337361421\" \/>\n<meta property=\"article:modified_time\" content=\"2024-11-05T21:42:00+00:00\" \/>\n<meta name=\"twitter:card\" content=\"summary_large_image\" \/>\n<meta name=\"twitter:label1\" content=\"Timp estimat pentru citire\" \/>\n\t<meta name=\"twitter:data1\" content=\"8 minute\" \/>\n<script type=\"application\/ld+json\" class=\"yoast-schema-graph\">{\"@context\":\"https:\/\/schema.org\",\"@graph\":[{\"@type\":\"WebPage\",\"@id\":\"https:\/\/extension.md\/privacy-policy\/\",\"url\":\"https:\/\/extension.md\/privacy-policy\/\",\"name\":\"Privacy Policy - extension.md\",\"isPartOf\":{\"@id\":\"https:\/\/extension.md\/#website\"},\"datePublished\":\"2024-03-31T19:09:35+00:00\",\"dateModified\":\"2024-11-05T21:42:00+00:00\",\"breadcrumb\":{\"@id\":\"https:\/\/extension.md\/privacy-policy\/#breadcrumb\"},\"inLanguage\":\"ro-RO\",\"potentialAction\":[{\"@type\":\"ReadAction\",\"target\":[\"https:\/\/extension.md\/privacy-policy\/\"]}]},{\"@type\":\"BreadcrumbList\",\"@id\":\"https:\/\/extension.md\/privacy-policy\/#breadcrumb\",\"itemListElement\":[{\"@type\":\"ListItem\",\"position\":1,\"name\":\"Home\",\"item\":\"https:\/\/extension.md\/\"},{\"@type\":\"ListItem\",\"position\":2,\"name\":\"Privacy Policy\"}]},{\"@type\":\"WebSite\",\"@id\":\"https:\/\/extension.md\/#website\",\"url\":\"https:\/\/extension.md\/\",\"name\":\"\u041d\u0430\u0440\u0430\u0449\u0438\u0432\u0430\u043d\u0438\u0435 \u043d\u043e\u0433\u0442\u0435\u0439 - \u0411\u043e\u0442\u0430\u043d\u0438\u043a\u0430\",\"description\":\"Professional nail extension - Chisinau\",\"publisher\":{\"@id\":\"https:\/\/extension.md\/#organization\"},\"alternateName\":\"extension.md\",\"potentialAction\":[{\"@type\":\"SearchAction\",\"target\":{\"@type\":\"EntryPoint\",\"urlTemplate\":\"https:\/\/extension.md\/?s={search_term_string}\"},\"query-input\":{\"@type\":\"PropertyValueSpecification\",\"valueRequired\":true,\"valueName\":\"search_term_string\"}}],\"inLanguage\":\"ro-RO\"},{\"@type\":[\"Organization\",\"Place\",\"NailSalon\"],\"@id\":\"https:\/\/extension.md\/#organization\",\"name\":\"extension.md\",\"alternateName\":\"\u041d\u0430\u0440\u0430\u0449\u0438\u0432\u0430\u043d\u0438\u0435 \u043d\u043e\u0433\u0442\u0435\u0439 - \u0411\u043e\u0442\u0430\u043d\u0438\u043a\u0430\",\"url\":\"https:\/\/extension.md\/\",\"logo\":{\"@id\":\"https:\/\/extension.md\/privacy-policy\/#local-main-organization-logo\"},\"image\":{\"@id\":\"https:\/\/extension.md\/privacy-policy\/#local-main-organization-logo\"},\"sameAs\":[\"https:\/\/www.facebook.com\/profile.php?id=100042337361421\",\"https:\/\/www.instagram.com\/extension.md_nails\"],\"description\":\"\u041f\u0440\u043e\u0444\u0435\u0441\u0441\u0438\u043e\u043d\u0430\u043b\u044c\u043d\u043e\u0435 \u043d\u0430\u0440\u0430\u0449\u0438\u0432\u0430\u043d\u0438\u0435 \u043d\u043e\u0433\u0442\u0435\u0439. \u0411\u043e\u0442\u0430\u043d\u0438\u043a\u0430, \u041a\u0438\u0448\u0438\u043d\u0451\u0432.\",\"legalName\":\"Extension.md\",\"foundingDate\":\"2010-01-01\",\"numberOfEmployees\":{\"@type\":\"QuantitativeValue\",\"minValue\":\"1\",\"maxValue\":\"10\"},\"address\":{\"@id\":\"https:\/\/extension.md\/privacy-policy\/#local-main-place-address\"},\"geo\":{\"@type\":\"GeoCoordinates\",\"latitude\":\"46.99688109939349\",\"longitude\":\"28.865460455848233\"},\"telephone\":[\"+37369706568\"],\"contactPoint\":{\"@type\":\"ContactPoint\",\"telephone\":\"+37369706568\",\"email\":\"nail@extension.md\"},\"openingHoursSpecification\":[{\"@type\":\"OpeningHoursSpecification\",\"dayOfWeek\":[\"Monday\",\"Tuesday\",\"Wednesday\",\"Thursday\",\"Friday\",\"Saturday\",\"Sunday\"],\"opens\":\"10:00\",\"closes\":\"20:00\"}],\"email\":\"nail@extension.md\",\"areaServed\":\"Chi\u0219in\u0103u\",\"priceRange\":\"$$\",\"currenciesAccepted\":\"MDL\"},{\"@type\":\"PostalAddress\",\"@id\":\"https:\/\/extension.md\/privacy-policy\/#local-main-place-address\",\"streetAddress\":\"Strada Pandurilor 62, Office 84\",\"addressLocality\":\"Chi\u0219in\u0103u\",\"postalCode\":\"2015\",\"addressCountry\":\"MD\"},{\"@type\":\"ImageObject\",\"inLanguage\":\"ro-RO\",\"@id\":\"https:\/\/extension.md\/privacy-policy\/#local-main-organization-logo\",\"url\":\"\",\"contentUrl\":\"\",\"caption\":\"extension.md\"}]}<\/script>\n<meta name=\"geo.placename\" content=\"Chi\u0219in\u0103u\" \/>\n<meta name=\"geo.position\" content=\"46.99688109939349;28.865460455848233\" \/>\n<meta name=\"geo.region\" content=\"Republica Moldova\" \/>\n<!-- \/ Yoast SEO Premium plugin. -->","yoast_head_json":{"title":"Privacy Policy - extension.md","robots":{"index":"index","follow":"follow","max-snippet":"max-snippet:-1","max-image-preview":"max-image-preview:large","max-video-preview":"max-video-preview:-1"},"canonical":"https:\/\/extension.md\/ro\/privacy-policy\/","og_locale":"ro_RO","og_type":"article","og_title":"Privacy Policy","og_url":"https:\/\/extension.md\/ro\/privacy-policy\/","og_site_name":"extension.md","article_publisher":"https:\/\/www.facebook.com\/profile.php?id=100042337361421","article_modified_time":"2024-11-05T21:42:00+00:00","twitter_card":"summary_large_image","twitter_misc":{"Timp estimat pentru citire":"8 minute"},"schema":{"@context":"https:\/\/schema.org","@graph":[{"@type":"WebPage","@id":"https:\/\/extension.md\/privacy-policy\/","url":"https:\/\/extension.md\/privacy-policy\/","name":"Privacy Policy - extension.md","isPartOf":{"@id":"https:\/\/extension.md\/#website"},"datePublished":"2024-03-31T19:09:35+00:00","dateModified":"2024-11-05T21:42:00+00:00","breadcrumb":{"@id":"https:\/\/extension.md\/privacy-policy\/#breadcrumb"},"inLanguage":"ro-RO","potentialAction":[{"@type":"ReadAction","target":["https:\/\/extension.md\/privacy-policy\/"]}]},{"@type":"BreadcrumbList","@id":"https:\/\/extension.md\/privacy-policy\/#breadcrumb","itemListElement":[{"@type":"ListItem","position":1,"name":"Home","item":"https:\/\/extension.md\/"},{"@type":"ListItem","position":2,"name":"Privacy Policy"}]},{"@type":"WebSite","@id":"https:\/\/extension.md\/#website","url":"https:\/\/extension.md\/","name":"\u041d\u0430\u0440\u0430\u0449\u0438\u0432\u0430\u043d\u0438\u0435 \u043d\u043e\u0433\u0442\u0435\u0439 - \u0411\u043e\u0442\u0430\u043d\u0438\u043a\u0430","description":"Professional nail extension - Chisinau","publisher":{"@id":"https:\/\/extension.md\/#organization"},"alternateName":"extension.md","potentialAction":[{"@type":"SearchAction","target":{"@type":"EntryPoint","urlTemplate":"https:\/\/extension.md\/?s={search_term_string}"},"query-input":{"@type":"PropertyValueSpecification","valueRequired":true,"valueName":"search_term_string"}}],"inLanguage":"ro-RO"},{"@type":["Organization","Place","NailSalon"],"@id":"https:\/\/extension.md\/#organization","name":"extension.md","alternateName":"\u041d\u0430\u0440\u0430\u0449\u0438\u0432\u0430\u043d\u0438\u0435 \u043d\u043e\u0433\u0442\u0435\u0439 - \u0411\u043e\u0442\u0430\u043d\u0438\u043a\u0430","url":"https:\/\/extension.md\/","logo":{"@id":"https:\/\/extension.md\/privacy-policy\/#local-main-organization-logo"},"image":{"@id":"https:\/\/extension.md\/privacy-policy\/#local-main-organization-logo"},"sameAs":["https:\/\/www.facebook.com\/profile.php?id=100042337361421","https:\/\/www.instagram.com\/extension.md_nails"],"description":"\u041f\u0440\u043e\u0444\u0435\u0441\u0441\u0438\u043e\u043d\u0430\u043b\u044c\u043d\u043e\u0435 \u043d\u0430\u0440\u0430\u0449\u0438\u0432\u0430\u043d\u0438\u0435 \u043d\u043e\u0433\u0442\u0435\u0439. \u0411\u043e\u0442\u0430\u043d\u0438\u043a\u0430, \u041a\u0438\u0448\u0438\u043d\u0451\u0432.","legalName":"Extension.md","foundingDate":"2010-01-01","numberOfEmployees":{"@type":"QuantitativeValue","minValue":"1","maxValue":"10"},"address":{"@id":"https:\/\/extension.md\/privacy-policy\/#local-main-place-address"},"geo":{"@type":"GeoCoordinates","latitude":"46.99688109939349","longitude":"28.865460455848233"},"telephone":["+37369706568"],"contactPoint":{"@type":"ContactPoint","telephone":"+37369706568","email":"nail@extension.md"},"openingHoursSpecification":[{"@type":"OpeningHoursSpecification","dayOfWeek":["Monday","Tuesday","Wednesday","Thursday","Friday","Saturday","Sunday"],"opens":"10:00","closes":"20:00"}],"email":"nail@extension.md","areaServed":"Chi\u0219in\u0103u","priceRange":"$$","currenciesAccepted":"MDL"},{"@type":"PostalAddress","@id":"https:\/\/extension.md\/privacy-policy\/#local-main-place-address","streetAddress":"Strada Pandurilor 62, Office 84","addressLocality":"Chi\u0219in\u0103u","postalCode":"2015","addressCountry":"MD"},{"@type":"ImageObject","inLanguage":"ro-RO","@id":"https:\/\/extension.md\/privacy-policy\/#local-main-organization-logo","url":"","contentUrl":"","caption":"extension.md"}]},"geo.placename":"Chi\u0219in\u0103u","geo.position":{"lat":"46.99688109939349","long":"28.865460455848233"},"geo.region":"Republica Moldova"},"_links":{"self":[{"href":"https:\/\/extension.md\/ro\/wp-json\/wp\/v2\/pages\/2792","targetHints":{"allow":["GET"]}}],"collection":[{"href":"https:\/\/extension.md\/ro\/wp-json\/wp\/v2\/pages"}],"about":[{"href":"https:\/\/extension.md\/ro\/wp-json\/wp\/v2\/types\/page"}],"author":[{"embeddable":true,"href":"https:\/\/extension.md\/ro\/wp-json\/wp\/v2\/users\/1"}],"replies":[{"embeddable":true,"href":"https:\/\/extension.md\/ro\/wp-json\/wp\/v2\/comments?post=2792"}],"version-history":[{"count":7,"href":"https:\/\/extension.md\/ro\/wp-json\/wp\/v2\/pages\/2792\/revisions"}],"predecessor-version":[{"id":3232,"href":"https:\/\/extension.md\/ro\/wp-json\/wp\/v2\/pages\/2792\/revisions\/3232"}],"wp:attachment":[{"href":"https:\/\/extension.md\/ro\/wp-json\/wp\/v2\/media?parent=2792"}],"curies":[{"name":"wp","href":"https:\/\/api.w.org\/{rel}","templated":true}]}}