{"id":2586,"date":"2024-03-31T11:42:44","date_gmt":"2024-03-31T09:42:44","guid":{"rendered":"https:\/\/extension.md\/?page_id=2586"},"modified":"2024-11-02T23:54:47","modified_gmt":"2024-11-02T21:54:47","slug":"location","status":"publish","type":"page","link":"https:\/\/extension.md\/ro\/location\/","title":{"rendered":"Unde s\u0103 m\u0103 g\u0103si\u021bi"},"content":{"rendered":"<section class=\"l-section wpb_row height_medium\"><div class=\"l-section-h i-cf\"><div class=\"g-cols vc_row via_grid cols_2 laptops-cols_inherit tablets-cols_1 mobiles-cols_1 valign_middle type_default stacking_default\"><div class=\"wpb_column vc_column_container\"><div class=\"vc_column-inner\"><div class=\"w-map provider_osm us_custom_6cac5848 confirm_load\" id=\"us_map_1\" data-cookie-name=\"osm_load_confirmed\"><script type=\"text\/template\">PGRpdiBjbGFzcz0idy1tYXAtaW5uZXIiPjxkaXYgY2xhc3M9InctbWFwLWpzb24iIG9uY2xpY2s9J3JldHVybiB7JnF1b3Q7YWRkcmVzcyZxdW90OzomcXVvdDs0Ni45OTY4NjQ2MzUwNzE5NiwgMjguODY1NDkzOTgzNDY1MzQmcXVvdDssJnF1b3Q7ZGlzYWJsZURyYWdnaW5nJnF1b3Q7OjAsJnF1b3Q7ZGlzYWJsZVpvb20mcXVvdDs6MCwmcXVvdDtoaWRlQ29udHJvbHMmcXVvdDs6MCwmcXVvdDt6b29tJnF1b3Q7OjEyLCZxdW90O21hcmtlcnMmcXVvdDs6W3smcXVvdDthZGRyZXNzJnF1b3Q7OiZxdW90OzQ2Ljk5Njg2NDYzNTA3MTk2LCAyOC44NjU0OTM5ODM0NjUzNCZxdW90OywmcXVvdDtodG1sJnF1b3Q7OiZxdW90OyZsdDtoNiZndDtcdTA0MWZcdTA0NDBcdTA0MzhcdTA0MzJcdTA0MzVcdTA0NDIsIFx1MDQ0ZiBcdTA0MzdcdTA0MzRcdTA0MzVcdTA0NDFcdTA0NGMgOikmbHQ7XC9oNiZndDsmbHQ7cCZndDtcdTA0MTFcdTA0NDNcdTA0MzRcdTA0NDMgXHUwNDQwXHUwNDMwXHUwNDM0XHUwNDMwIFx1MDQzMlx1MDQzOFx1MDQzNFx1MDQzNVx1MDQ0Mlx1MDQ0YyBcdTA0MzJcdTA0MzBcdTA0NDEhJmx0O1wvcCZndDsmcXVvdDssJnF1b3Q7aW5mb3dpbmRvdyZxdW90OzowfV0sJnF1b3Q7c3R5bGUmcXVvdDs6JnF1b3Q7aHR0cHM6XC9cL3tzfS50aWxlLm9wZW5zdHJlZXRtYXAub3JnXC97en1cL3t4fVwve3l9LnBuZyZxdW90O30nPjwvZGl2PjwvZGl2Pg==<\/script><div class=\"w-map-privacy\"><p>By loading this map, you agree to the privacy policy of <a href=\"https:\/\/wiki.osmfoundation.org\/wiki\/Privacy_Policy\" target=\"_blank\" rel=\"nofollow noreferrer\">OpenStreetMap Foundation<\/a>.<\/p><p><label><input type=\"checkbox\" name=\"osm_load_confirmed[us_map_1]\" value=\"0\"><span>Always load such maps on this site<\/span><\/label><\/p><p><button class=\"w-btn us-btn-style_1 action_confirm_load\" type=\"button\"><span class=\"w-btn-label\">Load Map<\/span><\/button><\/p><\/div><\/div><\/div><\/div><div class=\"wpb_column vc_column_container\"><div class=\"vc_column-inner\"><div class=\"w-iconbox iconpos_left style_outlined color_primary align_left\"><a target=\"_blank\" href=\"https:\/\/www.google.com\/maps\/place\/46.99686463507196, 28.86549398346534\" class=\"w-iconbox-link\" aria-label=\"Pandiurilor 62, Birou 84\"><div class=\"w-iconbox-icon\" style=\"font-size:2rem;\"><i class=\"fas fa-search-location\"><\/i><\/div><\/a><div class=\"w-iconbox-meta\"><a target=\"_blank\" href=\"https:\/\/www.google.com\/maps\/place\/46.99686463507196, 28.86549398346534\" class=\"w-iconbox-link\" aria-label=\"Pandiurilor 62, Birou 84\"><h4 class=\"w-iconbox-title\">Pandiurilor 62, Birou 84<\/h4><\/a><div class=\"w-iconbox-text\"><p>Chi\u0219in\u0103u, Moldova<\/p>\n<\/div><\/div><\/div><div class=\"w-separator size_small\"><\/div><div class=\"w-iconbox iconpos_left style_outlined color_primary align_left no_text\"><a target=\"_blank\" href=\"tel:+37369706568\" class=\"w-iconbox-link\" aria-label=\"+373 69 706 568\"><div class=\"w-iconbox-icon\" style=\"font-size:2rem;\"><i class=\"fas fa-mobile\"><\/i><\/div><\/a><div class=\"w-iconbox-meta\"><a target=\"_blank\" href=\"tel:+37369706568\" class=\"w-iconbox-link\" aria-label=\"+373 69 706 568\"><h4 class=\"w-iconbox-title\">+373 69 706 568<\/h4><\/a><\/div><\/div><div class=\"w-separator size_medium\"><\/div><div class=\"w-socials us_custom_49f317a8 color_text shape_circle style_solid hover_fade\" style=\"--gap:0.1em;\"><div class=\"w-socials-list\"><div class=\"w-socials-item instagram\"><a target=\"_blank\" rel=\"nofollow\" href=\"https:\/\/www.instagram.com\/extension.md_nails\" class=\"w-socials-item-link\" title=\"Instagram\" aria-label=\"Instagram\"><span class=\"w-socials-item-link-hover\"><\/span><i class=\"fab fa-instagram\"><\/i><\/a><div class=\"w-socials-item-popup\"><span>Instagram<\/span><\/div><\/div><div class=\"w-socials-item facebook\"><a target=\"_blank\" rel=\"nofollow\" href=\"https:\/\/www.facebook.com\/profile.php?id=100042337361421\" class=\"w-socials-item-link\" title=\"Facebook\" aria-label=\"Facebook\"><span class=\"w-socials-item-link-hover\"><\/span><i class=\"fab fa-facebook\"><\/i><\/a><div class=\"w-socials-item-popup\"><span>Facebook<\/span><\/div><\/div><div class=\"w-socials-item whatsapp\"><a href=\"https:\/\/wa.me\/37369706568\" class=\"w-socials-item-link\" title=\"WhatsApp\" aria-label=\"WhatsApp\"><span class=\"w-socials-item-link-hover\"><\/span><i class=\"fab fa-whatsapp\"><\/i><\/a><div class=\"w-socials-item-popup\"><span>WhatsApp<\/span><\/div><\/div><div class=\"w-socials-item email\"><a target=\"_blank\" href=\"mailto:nail@extension.md\" class=\"w-socials-item-link\" title=\"E-mail\" aria-label=\"E-mail\"><span class=\"w-socials-item-link-hover\"><\/span><i class=\"fas fa-envelope\"><\/i><\/a><div class=\"w-socials-item-popup\"><span>E-mail<\/span><\/div><\/div><div class=\"w-socials-item telegram\"><a href=\"https:\/\/t.me\/+37369706568\" class=\"w-socials-item-link\" title=\"Telegrama\" aria-label=\"Telegrama\"><span class=\"w-socials-item-link-hover\"><\/span><i class=\"fab fa-telegram\"><\/i><\/a><div class=\"w-socials-item-popup\"><span>Telegrama<\/span><\/div><\/div><\/div><\/div><div class=\"w-separator size_medium\"><\/div><h3 style=\"text-align: left;font-family:Abril Fatface;font-weight:400;font-style:normal\" class=\"vc_custom_heading vc_do_custom_heading us_custom_cda6f729\" >Sunt aici pentru tine \u00een fiecare zi.<\/h3>\n\t<div class=\"wpb_raw_code wpb_raw_html wpb_content_element us_custom_909b2fd0\" >\n\t\t<div class=\"wpb_wrapper\">\n\t\t\t<div class=\"wpseo-opening-hours-wrapper\"><table class=\"wpseo-opening-hours\" id =\"wpseo-opening-hours-\"><tr><td class=\"day\">Luni<\/td><td class=\"time\"><span>10:00 - 20:00<\/span><\/td><\/tr><tr><td class=\"day\">Marti<\/td><td class=\"time\"><span>10:00 - 20:00<\/span><\/td><\/tr><tr><td class=\"day\">Mi<\/td><td class=\"time\"><span>10:00 - 20:00<\/span> <strong>Deschide acum<\/strong><\/td><\/tr><tr><td class=\"day\">Jo<\/td><td class=\"time\"><span>10:00 - 20:00<\/span><\/td><\/tr><tr><td class=\"day\">Vineri<\/td><td class=\"time\"><span>10:00 - 20:00<\/span><\/td><\/tr><tr><td class=\"day\">Sambata<\/td><td class=\"time\"><span>10:00 - 20:00<\/span><\/td><\/tr><tr><td class=\"day\">Duminica<\/td><td class=\"time\"><span>10:00 - 20:00<\/span><\/td><\/tr><\/table><\/div>\n\t\t<\/div>\n\t<\/div>\n<\/div><\/div><\/div><\/div><\/section>","protected":false},"excerpt":{"rendered":"By loading this map, you agree to the privacy policy of OpenStreetMap Foundation.Always load such maps on this siteLoad MapPandiurilor 62, Office 84Chi\u0219in\u0103u, Moldova +373 69 706 568InstagramFacebookWhatsAppEmailTelegramI'm here for you every day. Luni10:00 AM - 8:00 PMMarti10:00 AM - 8:00 PMMiercuri10:00 AM - 8:00 PM Deschide acumJoi10:00 AM - 8:00 PMVineri10:00 AM - 8:00...","protected":false},"author":1,"featured_media":0,"parent":0,"menu_order":0,"comment_status":"closed","ping_status":"closed","template":"","meta":{"_acf_changed":false,"footnotes":""},"class_list":["post-2586","page","type-page","status-publish","hentry"],"acf":[],"yoast_head":"<!-- This site is optimized with the Yoast SEO Premium plugin v23.7 (Yoast SEO v23.7) - https:\/\/yoast.com\/wordpress\/plugins\/seo\/ -->\n<title>Where to Find Me - extension.md<\/title>\n<meta name=\"description\" content=\"\u041d\u0430\u0440\u0430\u0449\u0438\u0432\u0430\u043d\u0438\u044f \u043d\u043e\u0433\u0442\u0435\u0439 \u043d\u0430 \u0432\u044b\u0445\u043e\u0434\u043d\u044b\u0435. \u042f \u0440\u0430\u0431\u043e\u0442\u0430\u044e \u0432 \u0441\u0443\u0431\u0431\u043e\u0442\u0443 \u0438 \u0432\u043e\u0441\u043a\u0440\u0435\u0441\u0435\u043d\u044c\u0435, \u0447\u0442\u043e\u0431\u044b \u0432\u0430\u0448 \u043c\u0430\u043d\u0438\u043a\u044e\u0440 \u0431\u044b\u043b \u0438\u0434\u0435\u0430\u043b\u044c\u043d\u044b\u043c. \u0417\u0430\u043f\u0438\u0448\u0438\u0442\u0435\u0441\u044c \u043d\u0430 \u0443\u0434\u043e\u0431\u043d\u043e\u0435 \u0432\u0440\u0435\u043c\u044f \u043f\u0440\u044f\u043c\u043e \u0441\u0435\u0439\u0447\u0430\u0441!\" \/>\n<meta name=\"robots\" content=\"index, follow, max-snippet:-1, max-image-preview:large, max-video-preview:-1\" \/>\n<link rel=\"canonical\" href=\"https:\/\/extension.md\/ro\/location\/\" \/>\n<meta property=\"og:locale\" content=\"ro_RO\" \/>\n<meta property=\"og:type\" content=\"article\" \/>\n<meta property=\"og:title\" content=\"Where to Find Me\" \/>\n<meta property=\"og:description\" content=\"\u041d\u0430\u0440\u0430\u0449\u0438\u0432\u0430\u043d\u0438\u044f \u043d\u043e\u0433\u0442\u0435\u0439 \u043d\u0430 \u0432\u044b\u0445\u043e\u0434\u043d\u044b\u0435. \u042f \u0440\u0430\u0431\u043e\u0442\u0430\u044e \u0432 \u0441\u0443\u0431\u0431\u043e\u0442\u0443 \u0438 \u0432\u043e\u0441\u043a\u0440\u0435\u0441\u0435\u043d\u044c\u0435, \u0447\u0442\u043e\u0431\u044b \u0432\u0430\u0448 \u043c\u0430\u043d\u0438\u043a\u044e\u0440 \u0431\u044b\u043b \u0438\u0434\u0435\u0430\u043b\u044c\u043d\u044b\u043c. \u0417\u0430\u043f\u0438\u0448\u0438\u0442\u0435\u0441\u044c \u043d\u0430 \u0443\u0434\u043e\u0431\u043d\u043e\u0435 \u0432\u0440\u0435\u043c\u044f \u043f\u0440\u044f\u043c\u043e \u0441\u0435\u0439\u0447\u0430\u0441!\" \/>\n<meta property=\"og:url\" content=\"https:\/\/extension.md\/ro\/location\/\" \/>\n<meta property=\"og:site_name\" content=\"extension.md\" \/>\n<meta property=\"article:publisher\" content=\"https:\/\/www.facebook.com\/profile.php?id=100042337361421\" \/>\n<meta property=\"article:modified_time\" content=\"2024-11-02T21:54:47+00:00\" \/>\n<meta name=\"twitter:card\" content=\"summary_large_image\" \/>\n<meta name=\"twitter:label1\" content=\"Timp estimat pentru citire\" \/>\n\t<meta name=\"twitter:data1\" content=\"1 minut\" \/>\n<script type=\"application\/ld+json\" class=\"yoast-schema-graph\">{\"@context\":\"https:\/\/schema.org\",\"@graph\":[{\"@type\":\"WebPage\",\"@id\":\"https:\/\/extension.md\/location\/\",\"url\":\"https:\/\/extension.md\/location\/\",\"name\":\"Where to Find Me - extension.md\",\"isPartOf\":{\"@id\":\"https:\/\/extension.md\/#website\"},\"datePublished\":\"2024-03-31T09:42:44+00:00\",\"dateModified\":\"2024-11-02T21:54:47+00:00\",\"description\":\"\u041d\u0430\u0440\u0430\u0449\u0438\u0432\u0430\u043d\u0438\u044f \u043d\u043e\u0433\u0442\u0435\u0439 \u043d\u0430 \u0432\u044b\u0445\u043e\u0434\u043d\u044b\u0435. \u042f \u0440\u0430\u0431\u043e\u0442\u0430\u044e \u0432 \u0441\u0443\u0431\u0431\u043e\u0442\u0443 \u0438 \u0432\u043e\u0441\u043a\u0440\u0435\u0441\u0435\u043d\u044c\u0435, \u0447\u0442\u043e\u0431\u044b \u0432\u0430\u0448 \u043c\u0430\u043d\u0438\u043a\u044e\u0440 \u0431\u044b\u043b \u0438\u0434\u0435\u0430\u043b\u044c\u043d\u044b\u043c. \u0417\u0430\u043f\u0438\u0448\u0438\u0442\u0435\u0441\u044c \u043d\u0430 \u0443\u0434\u043e\u0431\u043d\u043e\u0435 \u0432\u0440\u0435\u043c\u044f \u043f\u0440\u044f\u043c\u043e \u0441\u0435\u0439\u0447\u0430\u0441!\",\"breadcrumb\":{\"@id\":\"https:\/\/extension.md\/location\/#breadcrumb\"},\"inLanguage\":\"ro-RO\",\"potentialAction\":[{\"@type\":\"ReadAction\",\"target\":[\"https:\/\/extension.md\/location\/\"]}]},{\"@type\":\"BreadcrumbList\",\"@id\":\"https:\/\/extension.md\/location\/#breadcrumb\",\"itemListElement\":[{\"@type\":\"ListItem\",\"position\":1,\"name\":\"Home\",\"item\":\"https:\/\/extension.md\/\"},{\"@type\":\"ListItem\",\"position\":2,\"name\":\"Where to Find Me\"}]},{\"@type\":\"WebSite\",\"@id\":\"https:\/\/extension.md\/#website\",\"url\":\"https:\/\/extension.md\/\",\"name\":\"\u041d\u0430\u0440\u0430\u0449\u0438\u0432\u0430\u043d\u0438\u0435 \u043d\u043e\u0433\u0442\u0435\u0439 - \u0411\u043e\u0442\u0430\u043d\u0438\u043a\u0430\",\"description\":\"Professional nail extension - Chisinau\",\"publisher\":{\"@id\":\"https:\/\/extension.md\/#organization\"},\"alternateName\":\"extension.md\",\"potentialAction\":[{\"@type\":\"SearchAction\",\"target\":{\"@type\":\"EntryPoint\",\"urlTemplate\":\"https:\/\/extension.md\/?s={search_term_string}\"},\"query-input\":{\"@type\":\"PropertyValueSpecification\",\"valueRequired\":true,\"valueName\":\"search_term_string\"}}],\"inLanguage\":\"ro-RO\"},{\"@type\":[\"Organization\",\"Place\",\"NailSalon\"],\"@id\":\"https:\/\/extension.md\/#organization\",\"name\":\"extension.md\",\"alternateName\":\"\u041d\u0430\u0440\u0430\u0449\u0438\u0432\u0430\u043d\u0438\u0435 \u043d\u043e\u0433\u0442\u0435\u0439 - \u0411\u043e\u0442\u0430\u043d\u0438\u043a\u0430\",\"url\":\"https:\/\/extension.md\/\",\"logo\":{\"@id\":\"https:\/\/extension.md\/location\/#local-main-organization-logo\"},\"image\":{\"@id\":\"https:\/\/extension.md\/location\/#local-main-organization-logo\"},\"sameAs\":[\"https:\/\/www.facebook.com\/profile.php?id=100042337361421\",\"https:\/\/www.instagram.com\/extension.md_nails\"],\"description\":\"\u041f\u0440\u043e\u0444\u0435\u0441\u0441\u0438\u043e\u043d\u0430\u043b\u044c\u043d\u043e\u0435 \u043d\u0430\u0440\u0430\u0449\u0438\u0432\u0430\u043d\u0438\u0435 \u043d\u043e\u0433\u0442\u0435\u0439. \u0411\u043e\u0442\u0430\u043d\u0438\u043a\u0430, \u041a\u0438\u0448\u0438\u043d\u0451\u0432.\",\"legalName\":\"Extension.md\",\"foundingDate\":\"2010-01-01\",\"numberOfEmployees\":{\"@type\":\"QuantitativeValue\",\"minValue\":\"1\",\"maxValue\":\"10\"},\"address\":{\"@id\":\"https:\/\/extension.md\/location\/#local-main-place-address\"},\"geo\":{\"@type\":\"GeoCoordinates\",\"latitude\":\"46.99688109939349\",\"longitude\":\"28.865460455848233\"},\"telephone\":[\"+37369706568\"],\"contactPoint\":{\"@type\":\"ContactPoint\",\"telephone\":\"+37369706568\",\"email\":\"nail@extension.md\"},\"openingHoursSpecification\":[{\"@type\":\"OpeningHoursSpecification\",\"dayOfWeek\":[\"Monday\",\"Tuesday\",\"Wednesday\",\"Thursday\",\"Friday\",\"Saturday\",\"Sunday\"],\"opens\":\"10:00\",\"closes\":\"20:00\"}],\"email\":\"nail@extension.md\",\"areaServed\":\"Chi\u0219in\u0103u\",\"priceRange\":\"$$\",\"currenciesAccepted\":\"MDL\"},{\"@type\":\"PostalAddress\",\"@id\":\"https:\/\/extension.md\/location\/#local-main-place-address\",\"streetAddress\":\"Strada Pandurilor 62, Office 84\",\"addressLocality\":\"Chi\u0219in\u0103u\",\"postalCode\":\"2015\",\"addressCountry\":\"MD\"},{\"@type\":\"ImageObject\",\"inLanguage\":\"ro-RO\",\"@id\":\"https:\/\/extension.md\/location\/#local-main-organization-logo\",\"url\":\"\",\"contentUrl\":\"\",\"caption\":\"extension.md\"}]}<\/script>\n<meta name=\"geo.placename\" content=\"Chi\u0219in\u0103u\" \/>\n<meta name=\"geo.position\" content=\"46.99688109939349;28.865460455848233\" \/>\n<meta name=\"geo.region\" content=\"Republica Moldova\" \/>\n<!-- \/ Yoast SEO Premium plugin. -->","yoast_head_json":{"title":"Where to Find Me - extension.md","description":"\u041d\u0430\u0440\u0430\u0449\u0438\u0432\u0430\u043d\u0438\u044f \u043d\u043e\u0433\u0442\u0435\u0439 \u043d\u0430 \u0432\u044b\u0445\u043e\u0434\u043d\u044b\u0435. \u042f \u0440\u0430\u0431\u043e\u0442\u0430\u044e \u0432 \u0441\u0443\u0431\u0431\u043e\u0442\u0443 \u0438 \u0432\u043e\u0441\u043a\u0440\u0435\u0441\u0435\u043d\u044c\u0435, \u0447\u0442\u043e\u0431\u044b \u0432\u0430\u0448 \u043c\u0430\u043d\u0438\u043a\u044e\u0440 \u0431\u044b\u043b \u0438\u0434\u0435\u0430\u043b\u044c\u043d\u044b\u043c. \u0417\u0430\u043f\u0438\u0448\u0438\u0442\u0435\u0441\u044c \u043d\u0430 \u0443\u0434\u043e\u0431\u043d\u043e\u0435 \u0432\u0440\u0435\u043c\u044f \u043f\u0440\u044f\u043c\u043e \u0441\u0435\u0439\u0447\u0430\u0441!","robots":{"index":"index","follow":"follow","max-snippet":"max-snippet:-1","max-image-preview":"max-image-preview:large","max-video-preview":"max-video-preview:-1"},"canonical":"https:\/\/extension.md\/ro\/location\/","og_locale":"ro_RO","og_type":"article","og_title":"Where to Find Me","og_description":"\u041d\u0430\u0440\u0430\u0449\u0438\u0432\u0430\u043d\u0438\u044f \u043d\u043e\u0433\u0442\u0435\u0439 \u043d\u0430 \u0432\u044b\u0445\u043e\u0434\u043d\u044b\u0435. \u042f \u0440\u0430\u0431\u043e\u0442\u0430\u044e \u0432 \u0441\u0443\u0431\u0431\u043e\u0442\u0443 \u0438 \u0432\u043e\u0441\u043a\u0440\u0435\u0441\u0435\u043d\u044c\u0435, \u0447\u0442\u043e\u0431\u044b \u0432\u0430\u0448 \u043c\u0430\u043d\u0438\u043a\u044e\u0440 \u0431\u044b\u043b \u0438\u0434\u0435\u0430\u043b\u044c\u043d\u044b\u043c. \u0417\u0430\u043f\u0438\u0448\u0438\u0442\u0435\u0441\u044c \u043d\u0430 \u0443\u0434\u043e\u0431\u043d\u043e\u0435 \u0432\u0440\u0435\u043c\u044f \u043f\u0440\u044f\u043c\u043e \u0441\u0435\u0439\u0447\u0430\u0441!","og_url":"https:\/\/extension.md\/ro\/location\/","og_site_name":"extension.md","article_publisher":"https:\/\/www.facebook.com\/profile.php?id=100042337361421","article_modified_time":"2024-11-02T21:54:47+00:00","twitter_card":"summary_large_image","twitter_misc":{"Timp estimat pentru citire":"1 minut"},"schema":{"@context":"https:\/\/schema.org","@graph":[{"@type":"WebPage","@id":"https:\/\/extension.md\/location\/","url":"https:\/\/extension.md\/location\/","name":"Where to Find Me - extension.md","isPartOf":{"@id":"https:\/\/extension.md\/#website"},"datePublished":"2024-03-31T09:42:44+00:00","dateModified":"2024-11-02T21:54:47+00:00","description":"\u041d\u0430\u0440\u0430\u0449\u0438\u0432\u0430\u043d\u0438\u044f \u043d\u043e\u0433\u0442\u0435\u0439 \u043d\u0430 \u0432\u044b\u0445\u043e\u0434\u043d\u044b\u0435. \u042f \u0440\u0430\u0431\u043e\u0442\u0430\u044e \u0432 \u0441\u0443\u0431\u0431\u043e\u0442\u0443 \u0438 \u0432\u043e\u0441\u043a\u0440\u0435\u0441\u0435\u043d\u044c\u0435, \u0447\u0442\u043e\u0431\u044b \u0432\u0430\u0448 \u043c\u0430\u043d\u0438\u043a\u044e\u0440 \u0431\u044b\u043b \u0438\u0434\u0435\u0430\u043b\u044c\u043d\u044b\u043c. \u0417\u0430\u043f\u0438\u0448\u0438\u0442\u0435\u0441\u044c \u043d\u0430 \u0443\u0434\u043e\u0431\u043d\u043e\u0435 \u0432\u0440\u0435\u043c\u044f \u043f\u0440\u044f\u043c\u043e \u0441\u0435\u0439\u0447\u0430\u0441!","breadcrumb":{"@id":"https:\/\/extension.md\/location\/#breadcrumb"},"inLanguage":"ro-RO","potentialAction":[{"@type":"ReadAction","target":["https:\/\/extension.md\/location\/"]}]},{"@type":"BreadcrumbList","@id":"https:\/\/extension.md\/location\/#breadcrumb","itemListElement":[{"@type":"ListItem","position":1,"name":"Home","item":"https:\/\/extension.md\/"},{"@type":"ListItem","position":2,"name":"Where to Find Me"}]},{"@type":"WebSite","@id":"https:\/\/extension.md\/#website","url":"https:\/\/extension.md\/","name":"\u041d\u0430\u0440\u0430\u0449\u0438\u0432\u0430\u043d\u0438\u0435 \u043d\u043e\u0433\u0442\u0435\u0439 - \u0411\u043e\u0442\u0430\u043d\u0438\u043a\u0430","description":"Professional nail extension - Chisinau","publisher":{"@id":"https:\/\/extension.md\/#organization"},"alternateName":"extension.md","potentialAction":[{"@type":"SearchAction","target":{"@type":"EntryPoint","urlTemplate":"https:\/\/extension.md\/?s={search_term_string}"},"query-input":{"@type":"PropertyValueSpecification","valueRequired":true,"valueName":"search_term_string"}}],"inLanguage":"ro-RO"},{"@type":["Organization","Place","NailSalon"],"@id":"https:\/\/extension.md\/#organization","name":"extension.md","alternateName":"\u041d\u0430\u0440\u0430\u0449\u0438\u0432\u0430\u043d\u0438\u0435 \u043d\u043e\u0433\u0442\u0435\u0439 - \u0411\u043e\u0442\u0430\u043d\u0438\u043a\u0430","url":"https:\/\/extension.md\/","logo":{"@id":"https:\/\/extension.md\/location\/#local-main-organization-logo"},"image":{"@id":"https:\/\/extension.md\/location\/#local-main-organization-logo"},"sameAs":["https:\/\/www.facebook.com\/profile.php?id=100042337361421","https:\/\/www.instagram.com\/extension.md_nails"],"description":"\u041f\u0440\u043e\u0444\u0435\u0441\u0441\u0438\u043e\u043d\u0430\u043b\u044c\u043d\u043e\u0435 \u043d\u0430\u0440\u0430\u0449\u0438\u0432\u0430\u043d\u0438\u0435 \u043d\u043e\u0433\u0442\u0435\u0439. \u0411\u043e\u0442\u0430\u043d\u0438\u043a\u0430, \u041a\u0438\u0448\u0438\u043d\u0451\u0432.","legalName":"Extension.md","foundingDate":"2010-01-01","numberOfEmployees":{"@type":"QuantitativeValue","minValue":"1","maxValue":"10"},"address":{"@id":"https:\/\/extension.md\/location\/#local-main-place-address"},"geo":{"@type":"GeoCoordinates","latitude":"46.99688109939349","longitude":"28.865460455848233"},"telephone":["+37369706568"],"contactPoint":{"@type":"ContactPoint","telephone":"+37369706568","email":"nail@extension.md"},"openingHoursSpecification":[{"@type":"OpeningHoursSpecification","dayOfWeek":["Monday","Tuesday","Wednesday","Thursday","Friday","Saturday","Sunday"],"opens":"10:00","closes":"20:00"}],"email":"nail@extension.md","areaServed":"Chi\u0219in\u0103u","priceRange":"$$","currenciesAccepted":"MDL"},{"@type":"PostalAddress","@id":"https:\/\/extension.md\/location\/#local-main-place-address","streetAddress":"Strada Pandurilor 62, Office 84","addressLocality":"Chi\u0219in\u0103u","postalCode":"2015","addressCountry":"MD"},{"@type":"ImageObject","inLanguage":"ro-RO","@id":"https:\/\/extension.md\/location\/#local-main-organization-logo","url":"","contentUrl":"","caption":"extension.md"}]},"geo.placename":"Chi\u0219in\u0103u","geo.position":{"lat":"46.99688109939349","long":"28.865460455848233"},"geo.region":"Republica Moldova"},"_links":{"self":[{"href":"https:\/\/extension.md\/ro\/wp-json\/wp\/v2\/pages\/2586","targetHints":{"allow":["GET"]}}],"collection":[{"href":"https:\/\/extension.md\/ro\/wp-json\/wp\/v2\/pages"}],"about":[{"href":"https:\/\/extension.md\/ro\/wp-json\/wp\/v2\/types\/page"}],"author":[{"embeddable":true,"href":"https:\/\/extension.md\/ro\/wp-json\/wp\/v2\/users\/1"}],"replies":[{"embeddable":true,"href":"https:\/\/extension.md\/ro\/wp-json\/wp\/v2\/comments?post=2586"}],"version-history":[{"count":25,"href":"https:\/\/extension.md\/ro\/wp-json\/wp\/v2\/pages\/2586\/revisions"}],"predecessor-version":[{"id":3216,"href":"https:\/\/extension.md\/ro\/wp-json\/wp\/v2\/pages\/2586\/revisions\/3216"}],"wp:attachment":[{"href":"https:\/\/extension.md\/ro\/wp-json\/wp\/v2\/media?parent=2586"}],"curies":[{"name":"wp","href":"https:\/\/api.w.org\/{rel}","templated":true}]}}